{"id":65,"date":"2019-08-13T12:40:29","date_gmt":"2019-08-13T12:40:29","guid":{"rendered":"http:\/\/www.cartelshop-vdf.cz\/?page_id=65"},"modified":"2023-11-10T14:58:02","modified_gmt":"2023-11-10T14:58:02","slug":"yakuza-e-shop","status":"publish","type":"page","link":"https:\/\/www.cartelshop-vdf.cz\/","title":{"rendered":"\u00davodn\u00ed str\u00e1nka"},"content":{"rendered":"\t\t<div data-elementor-type=\"wp-post\" data-elementor-id=\"65\" class=\"elementor elementor-65\" data-elementor-settings=\"[]\">\n\t\t\t\t\t\t<div class=\"elementor-inner\">\n\t\t\t\t\t\t\t<div class=\"elementor-section-wrap\">\n\t\t\t\t\t\t\t<section class=\"elementor-section elementor-top-section elementor-element elementor-element-274e5760 elementor-section-height-full elementor-section-stretched elementor-section-full_width elementor-section-height-default elementor-section-items-middle\" data-id=\"274e5760\" data-element_type=\"section\" data-settings=\"{&quot;background_background&quot;:&quot;classic&quot;,&quot;stretch_section&quot;:&quot;section-stretched&quot;}\">\n\t\t\t\t\t\t<div class=\"elementor-container elementor-column-gap-no\">\n\t\t\t\t\t\t\t<div class=\"elementor-row\">\n\t\t\t\t\t<div class=\"elementor-column elementor-col-50 elementor-top-column elementor-element elementor-element-5a311539\" data-id=\"5a311539\" data-element_type=\"column\">\n\t\t\t<div class=\"elementor-column-wrap elementor-element-populated\">\n\t\t\t\t\t\t\t<div class=\"elementor-widget-wrap\">\n\t\t\t\t\t\t<div class=\"elementor-element elementor-element-ebb4ce9 elementor-hidden-phone elementor-widget elementor-widget-image\" data-id=\"ebb4ce9\" data-element_type=\"widget\" data-widget_type=\"image.default\">\n\t\t\t\t<div class=\"elementor-widget-container\">\n\t\t\t\t\t<div class=\"elementor-image\">\n\t\t\t\t\t\t\t\t\t\t<img loading=\"lazy\" decoding=\"async\" width=\"1999\" height=\"1125\" src=\"https:\/\/www.cartelshop-vdf.cz\/wp-content\/uploads\/2023\/07\/image1-e1689099730549.png\" class=\"attachment-2048x2048 size-2048x2048\" alt=\"\" \/>\t\t\t\t\t\t\t\t\t\t\t<\/div>\n\t\t\t\t<\/div>\n\t\t\t\t<\/div>\n\t\t\t\t\t\t<\/div>\n\t\t\t\t\t<\/div>\n\t\t<\/div>\n\t\t\t\t<div class=\"elementor-column elementor-col-50 elementor-top-column elementor-element elementor-element-7d381000\" data-id=\"7d381000\" data-element_type=\"column\">\n\t\t\t<div class=\"elementor-column-wrap elementor-element-populated\">\n\t\t\t\t\t\t\t<div class=\"elementor-widget-wrap\">\n\t\t\t\t\t\t<div class=\"elementor-element elementor-element-4765d0b0 elementor-widget elementor-widget-heading\" data-id=\"4765d0b0\" data-element_type=\"widget\" data-widget_type=\"heading.default\">\n\t\t\t\t<div class=\"elementor-widget-container\">\n\t\t\t<p class=\"elementor-heading-title elementor-size-default\">100% Z\u00e1ruka origin\u00e1lu Yakuza 893 <\/p>\t\t<\/div>\n\t\t\t\t<\/div>\n\t\t\t\t\t\t<\/div>\n\t\t\t\t\t<\/div>\n\t\t<\/div>\n\t\t\t\t\t\t\t\t<\/div>\n\t\t\t\t\t<\/div>\n\t\t<\/section>\n\t\t\t\t<section class=\"elementor-section elementor-top-section elementor-element elementor-element-18b5caaf elementor-section-height-min-height elementor-reverse-mobile elementor-section-boxed elementor-section-height-default elementor-section-items-middle\" data-id=\"18b5caaf\" data-element_type=\"section\" data-settings=\"{&quot;background_background&quot;:&quot;classic&quot;}\">\n\t\t\t\t\t\t<div class=\"elementor-container elementor-column-gap-default\">\n\t\t\t\t\t\t\t<div class=\"elementor-row\">\n\t\t\t\t\t<div class=\"elementor-column elementor-col-50 elementor-top-column elementor-element elementor-element-4821e22c\" data-id=\"4821e22c\" data-element_type=\"column\">\n\t\t\t<div class=\"elementor-column-wrap elementor-element-populated\">\n\t\t\t\t\t\t\t<div class=\"elementor-widget-wrap\">\n\t\t\t\t\t\t<div class=\"elementor-element elementor-element-7f32fb54 elementor-widget elementor-widget-heading\" data-id=\"7f32fb54\" data-element_type=\"widget\" data-widget_type=\"heading.default\">\n\t\t\t\t<div class=\"elementor-widget-container\">\n\t\t\t<h4 class=\"elementor-heading-title elementor-size-default\">online objedn\u00e1vky<\/h4>\t\t<\/div>\n\t\t\t\t<\/div>\n\t\t\t\t<div class=\"elementor-element elementor-element-61883661 elementor-widget elementor-widget-heading\" data-id=\"61883661\" data-element_type=\"widget\" data-widget_type=\"heading.default\">\n\t\t\t\t<div class=\"elementor-widget-container\">\n\t\t\t<h3 class=\"elementor-heading-title elementor-size-default\">nov\u00fd <span1 style=color:#4b6f93;>eshop<\/span1> je tu!<\/h3>\t\t<\/div>\n\t\t\t\t<\/div>\n\t\t\t\t<div class=\"elementor-element elementor-element-39fab7bd elementor-widget elementor-widget-heading\" data-id=\"39fab7bd\" data-element_type=\"widget\" data-widget_type=\"heading.default\">\n\t\t\t\t<div class=\"elementor-widget-container\">\n\t\t\t<p class=\"elementor-heading-title elementor-size-default\">Nev\u00e1hejte objednat z na\u0161eho eshopu k objedn\u00e1vce obdr\u017e\u00edte d\u00e1rek<\/p>\t\t<\/div>\n\t\t\t\t<\/div>\n\t\t\t\t<div class=\"elementor-element elementor-element-1c2d5ee5 elementor-align-left elementor-mobile-align-center elementor-widget elementor-widget-button\" data-id=\"1c2d5ee5\" data-element_type=\"widget\" data-widget_type=\"button.default\">\n\t\t\t\t<div class=\"elementor-widget-container\">\n\t\t\t\t\t<div class=\"elementor-button-wrapper\">\n\t\t\t<a href=\"https:\/\/www.cartelshop-vdf.cz\/?page_id=2433\" class=\"elementor-button-link elementor-button elementor-size-sm elementor-animation-grow\" role=\"button\">\n\t\t\t\t\t\t<span class=\"elementor-button-content-wrapper\">\n\t\t\t\t\t\t<span class=\"elementor-button-text\">objednej zde<\/span>\n\t\t<\/span>\n\t\t\t\t\t<\/a>\n\t\t<\/div>\n\t\t\t\t<\/div>\n\t\t\t\t<\/div>\n\t\t\t\t\t\t<\/div>\n\t\t\t\t\t<\/div>\n\t\t<\/div>\n\t\t\t\t<div class=\"elementor-column elementor-col-50 elementor-top-column elementor-element elementor-element-8979016\" data-id=\"8979016\" data-element_type=\"column\">\n\t\t\t<div class=\"elementor-column-wrap elementor-element-populated\">\n\t\t\t\t\t\t\t<div class=\"elementor-widget-wrap\">\n\t\t\t\t\t\t<div class=\"elementor-element elementor-element-b0f5a0d elementor-widget elementor-widget-image\" data-id=\"b0f5a0d\" data-element_type=\"widget\" data-widget_type=\"image.default\">\n\t\t\t\t<div class=\"elementor-widget-container\">\n\t\t\t\t\t<div class=\"elementor-image\">\n\t\t\t\t\t\t\t\t\t\t<img loading=\"lazy\" decoding=\"async\" width=\"768\" height=\"802\" src=\"https:\/\/www.cartelshop-vdf.cz\/wp-content\/uploads\/2019\/10\/ost-web-logo2-768x802.png\" class=\"attachment-medium_large size-medium_large\" alt=\"\" srcset=\"https:\/\/www.cartelshop-vdf.cz\/wp-content\/uploads\/2019\/10\/ost-web-logo2-768x802.png 768w, https:\/\/www.cartelshop-vdf.cz\/wp-content\/uploads\/2019\/10\/ost-web-logo2-287x300.png 287w, https:\/\/www.cartelshop-vdf.cz\/wp-content\/uploads\/2019\/10\/ost-web-logo2-980x1024.png 980w, https:\/\/www.cartelshop-vdf.cz\/wp-content\/uploads\/2019\/10\/ost-web-logo2-600x627.png 600w, https:\/\/www.cartelshop-vdf.cz\/wp-content\/uploads\/2019\/10\/ost-web-logo2.png 1605w\" sizes=\"auto, (max-width: 768px) 100vw, 768px\" \/>\t\t\t\t\t\t\t\t\t\t\t<\/div>\n\t\t\t\t<\/div>\n\t\t\t\t<\/div>\n\t\t\t\t\t\t<\/div>\n\t\t\t\t\t<\/div>\n\t\t<\/div>\n\t\t\t\t\t\t\t\t<\/div>\n\t\t\t\t\t<\/div>\n\t\t<\/section>\n\t\t\t\t<section class=\"elementor-section elementor-top-section elementor-element elementor-element-313349f elementor-section-content-middle elementor-section-stretched elementor-section-full_width elementor-section-height-default elementor-section-height-default\" data-id=\"313349f\" data-element_type=\"section\" data-settings=\"{&quot;stretch_section&quot;:&quot;section-stretched&quot;}\">\n\t\t\t\t\t\t<div class=\"elementor-container elementor-column-gap-no\">\n\t\t\t\t\t\t\t<div class=\"elementor-row\">\n\t\t\t\t\t<div class=\"elementor-column elementor-col-100 elementor-top-column elementor-element elementor-element-0a90d1b\" data-id=\"0a90d1b\" data-element_type=\"column\">\n\t\t\t<div class=\"elementor-column-wrap elementor-element-populated\">\n\t\t\t\t\t\t\t<div class=\"elementor-widget-wrap\">\n\t\t\t\t\t\t<div class=\"elementor-element elementor-element-8e6a736 elementor-widget elementor-widget-heading\" data-id=\"8e6a736\" data-element_type=\"widget\" data-widget_type=\"heading.default\">\n\t\t\t\t<div class=\"elementor-widget-container\">\n\t\t\t<h6 class=\"elementor-heading-title elementor-size-default\">Oble\u010den\u00ed m\u016f\u017eete  <span1 style=color:#4b6f93;>vyzkou\u0161et<\/span1> ve fitcentru OST GYM. K n\u00e1kupu tr\u00e9nink zdarma.<\/h6>\t\t<\/div>\n\t\t\t\t<\/div>\n\t\t\t\t<div class=\"elementor-element elementor-element-2952c17 elementor-widget elementor-widget-heading\" data-id=\"2952c17\" data-element_type=\"widget\" data-widget_type=\"heading.default\">\n\t\t\t\t<div class=\"elementor-widget-container\">\n\t\t\t<h6 class=\"elementor-heading-title elementor-size-default\">Nymbursk\u00e1 535, 407 47 Varnsdorf \n+420 774 559 754 \/ +420 731 516 705<\/h6>\t\t<\/div>\n\t\t\t\t<\/div>\n\t\t\t\t<div class=\"elementor-element elementor-element-623b576 elementor-widget elementor-widget-google_maps\" data-id=\"623b576\" data-element_type=\"widget\" data-widget_type=\"google_maps.default\">\n\t\t\t\t<div class=\"elementor-widget-container\">\n\t\t\t<div class=\"elementor-custom-embed\"><iframe frameborder=\"0\" scrolling=\"no\" marginheight=\"0\" marginwidth=\"0\" src=\"https:\/\/maps.google.com\/maps?q=Nymbursk%C3%A1%20535%2C%20407%2047%20Varnsdorf&amp;t=m&amp;z=17&amp;output=embed&amp;iwloc=near\" title=\"Nymbursk\u00e1 535, 407 47 Varnsdorf\" aria-label=\"Nymbursk\u00e1 535, 407 47 Varnsdorf\"><\/iframe><\/div>\t\t<\/div>\n\t\t\t\t<\/div>\n\t\t\t\t\t\t<\/div>\n\t\t\t\t\t<\/div>\n\t\t<\/div>\n\t\t\t\t\t\t\t\t<\/div>\n\t\t\t\t\t<\/div>\n\t\t<\/section>\n\t\t\t\t\t\t<\/div>\n\t\t\t\t\t\t<\/div>\n\t\t\t\t\t<\/div>\n\t\t","protected":false},"excerpt":{"rendered":"<p>100% Z\u00e1ruka origin\u00e1lu Yakuza 893 online objedn\u00e1vky nov\u00fd eshop je tu! Nev\u00e1hejte objednat z na\u0161eho eshopu k objedn\u00e1vce obdr\u017e\u00edte d\u00e1rek objednej zde Oble\u010den\u00ed m\u016f\u017eete vyzkou\u0161et ve fitcentru OST GYM. K n\u00e1kupu tr\u00e9nink zdarma. Nymbursk\u00e1 535, 407 47 Varnsdorf +420 774 559 754 \/ +420 731 516 705<\/p>\n","protected":false},"author":1,"featured_media":0,"parent":0,"menu_order":0,"comment_status":"closed","ping_status":"closed","template":"elementor_header_footer","meta":{"footnotes":""},"class_list":["post-65","page","type-page","status-publish","hentry","entry","owp-thumbs-layout-horizontal","owp-btn-normal","owp-tabs-layout-horizontal","has-no-thumbnails"],"yoast_head":"<!-- This site is optimized with the Yoast SEO plugin v15.1.1 - https:\/\/yoast.com\/wordpress\/plugins\/seo\/ -->\n<title>cartelshop-vdf.cz - nejv\u011bt\u0161\u00ed ov\u011b\u0159en\u00fd YAKUZA e-shop v \u010cR<\/title>\n<meta name=\"description\" content=\"Nejv\u011bt\u0161\u00ed ov\u011b\u0159en\u00fd YAKUZA e-shop v \u010cesk\u00e9 republice m\u00e1me jen to n\u011bjkvalitn\u011bj\u0161\u00ed oble\u010den\u00ed s\u00eddl\u00edme ve Varnsdorfu kde si m\u016f\u017eete vyzkou\u0161et oble\u010den\u00ed u n\u00e1s v OST gym.\" \/>\n<meta name=\"robots\" content=\"index, follow, max-snippet:-1, max-image-preview:large, max-video-preview:-1\" \/>\n<link rel=\"canonical\" href=\"https:\/\/www.cartelshop-vdf.cz\/\" \/>\n<meta property=\"og:locale\" content=\"cs_CZ\" \/>\n<meta property=\"og:type\" content=\"article\" \/>\n<meta property=\"og:title\" content=\"https:\/\/www.facebook.com\/cartelshop.vdf.9\/\" \/>\n<meta property=\"og:description\" content=\"Nejv\u011bt\u0161\u00ed ov\u011b\u0159en\u00fd YAKUZA e-shop v \u010cesk\u00e9 republice m\u00e1me jen to n\u011bjkvalitn\u011bj\u0161\u00ed oble\u010den\u00ed s\u00eddl\u00edme ve Varnsdorfu.\" \/>\n<meta property=\"og:url\" content=\"https:\/\/www.cartelshop-vdf.cz\/\" \/>\n<meta property=\"og:site_name\" content=\"cartelshop-vdf.cz\" \/>\n<meta property=\"article:modified_time\" content=\"2023-11-10T14:58:02+00:00\" \/>\n<meta property=\"og:image\" content=\"https:\/\/www.cartelshop-vdf.cz\/wp-content\/uploads\/2019\/08\/55917820_2466418590037406_8121232842576363520_n.jpg\" \/>\n\t<meta property=\"og:image:width\" content=\"540\" \/>\n\t<meta property=\"og:image:height\" content=\"960\" \/>\n<meta name=\"twitter:card\" content=\"summary_large_image\" \/>\n<script type=\"application\/ld+json\" class=\"yoast-schema-graph\">{\"@context\":\"https:\/\/schema.org\",\"@graph\":[{\"@type\":\"WebSite\",\"@id\":\"https:\/\/www.cartelshop-vdf.cz\/#website\",\"url\":\"https:\/\/www.cartelshop-vdf.cz\/\",\"name\":\"cartelshop-vdf.cz\",\"description\":\"Nov\\u00fd e-shop  origin\\u00e1l Yakuza 893\",\"potentialAction\":[{\"@type\":\"SearchAction\",\"target\":\"https:\/\/www.cartelshop-vdf.cz\/?s={search_term_string}\",\"query-input\":\"required name=search_term_string\"}],\"inLanguage\":\"cs\"},{\"@type\":\"ImageObject\",\"@id\":\"https:\/\/www.cartelshop-vdf.cz\/#primaryimage\",\"inLanguage\":\"cs\",\"url\":\"http:\/\/www.cartelshop-vdf.cz\/wp-content\/uploads\/2023\/07\/image1-e1689099730549.png\"},{\"@type\":\"WebPage\",\"@id\":\"https:\/\/www.cartelshop-vdf.cz\/#webpage\",\"url\":\"https:\/\/www.cartelshop-vdf.cz\/\",\"name\":\"cartelshop-vdf.cz - nejv\\u011bt\\u0161\\u00ed ov\\u011b\\u0159en\\u00fd YAKUZA e-shop v \\u010cR\",\"isPartOf\":{\"@id\":\"https:\/\/www.cartelshop-vdf.cz\/#website\"},\"primaryImageOfPage\":{\"@id\":\"https:\/\/www.cartelshop-vdf.cz\/#primaryimage\"},\"datePublished\":\"2019-08-13T12:40:29+00:00\",\"dateModified\":\"2023-11-10T14:58:02+00:00\",\"description\":\"Nejv\\u011bt\\u0161\\u00ed ov\\u011b\\u0159en\\u00fd YAKUZA e-shop v \\u010cesk\\u00e9 republice m\\u00e1me jen to n\\u011bjkvalitn\\u011bj\\u0161\\u00ed oble\\u010den\\u00ed s\\u00eddl\\u00edme ve Varnsdorfu kde si m\\u016f\\u017eete vyzkou\\u0161et oble\\u010den\\u00ed u n\\u00e1s v OST gym.\",\"inLanguage\":\"cs\",\"potentialAction\":[{\"@type\":\"ReadAction\",\"target\":[\"https:\/\/www.cartelshop-vdf.cz\/\"]}]}]}<\/script>\n<!-- \/ Yoast SEO plugin. -->","jetpack_sharing_enabled":true,"_links":{"self":[{"href":"https:\/\/www.cartelshop-vdf.cz\/index.php?rest_route=\/wp\/v2\/pages\/65","targetHints":{"allow":["GET"]}}],"collection":[{"href":"https:\/\/www.cartelshop-vdf.cz\/index.php?rest_route=\/wp\/v2\/pages"}],"about":[{"href":"https:\/\/www.cartelshop-vdf.cz\/index.php?rest_route=\/wp\/v2\/types\/page"}],"author":[{"embeddable":true,"href":"https:\/\/www.cartelshop-vdf.cz\/index.php?rest_route=\/wp\/v2\/users\/1"}],"replies":[{"embeddable":true,"href":"https:\/\/www.cartelshop-vdf.cz\/index.php?rest_route=%2Fwp%2Fv2%2Fcomments&post=65"}],"version-history":[{"count":70,"href":"https:\/\/www.cartelshop-vdf.cz\/index.php?rest_route=\/wp\/v2\/pages\/65\/revisions"}],"predecessor-version":[{"id":16603,"href":"https:\/\/www.cartelshop-vdf.cz\/index.php?rest_route=\/wp\/v2\/pages\/65\/revisions\/16603"}],"wp:attachment":[{"href":"https:\/\/www.cartelshop-vdf.cz\/index.php?rest_route=%2Fwp%2Fv2%2Fmedia&parent=65"}],"curies":[{"name":"wp","href":"https:\/\/api.w.org\/{rel}","templated":true}]}}